{"id":158,"date":"2026-03-18T23:19:53","date_gmt":"2026-03-18T23:19:53","guid":{"rendered":"https:\/\/noeldolder.com\/?page_id=158"},"modified":"2026-03-18T23:44:57","modified_gmt":"2026-03-18T23:44:57","slug":"projekte-events-anlaesse","status":"publish","type":"page","link":"https:\/\/noeldolder.com\/?page_id=158","title":{"rendered":"Projekte &amp; Events"},"content":{"rendered":"\n<p class=\"has-medium-font-size\" style=\"margin-top:var(--wp--preset--spacing--20);margin-bottom:var(--wp--preset--spacing--20)\"><strong>RassuBand\u00e4<\/strong><\/p>\n\n\n\n<p>Die RassuBand\u00e4 ist ein Verein aus Biel &#8211; wir organisieren verschiedene kulturelle Projekte und Anl\u00e4sse in der Region. Zur Zeit sind wir in der Vorbereitung f\u00fcr ein Seifenkisten-Rennen in Safnern am 19.09.2026. Ausserdem planen wir am Lake-Live Festival 2026 eine selbstgebaute Wasser-Rutschbahn.<\/p>\n\n\n\n<div class=\"wp-block-uagb-buttons uagb-buttons__outer-wrap uagb-btn__default-btn uagb-btn-tablet__default-btn uagb-btn-mobile__default-btn uagb-block-112100cb\"><div class=\"uagb-buttons__wrap uagb-buttons-layout-wrap \">\n<div class=\"wp-block-uagb-buttons-child uagb-buttons__outer-wrap uagb-block-3f378e5d wp-block-button\"><div class=\"uagb-button__wrapper\"><a class=\"uagb-buttons-repeater wp-block-button__link\" aria-label=\"\" href=\"https:\/\/rassubande.ch\" rel=\"follow noopener\" target=\"_blank\" role=\"button\"><div class=\"uagb-button__link\">RassuBand\u00e4<\/div><span class=\"uagb-button__icon uagb-button__icon-position-after\"><svg xmlns=\"https:\/\/www.w3.org\/2000\/svg\" viewBox=\"0 0 448 512\" aria-hidden=\"true\" focussable=\"false\"><path d=\"M438.6 278.6l-160 160C272.4 444.9 264.2 448 256 448s-16.38-3.125-22.62-9.375c-12.5-12.5-12.5-32.75 0-45.25L338.8 288H32C14.33 288 .0016 273.7 .0016 256S14.33 224 32 224h306.8l-105.4-105.4c-12.5-12.5-12.5-32.75 0-45.25s32.75-12.5 45.25 0l160 160C451.1 245.9 451.1 266.1 438.6 278.6z\"><\/path><\/svg><\/span><\/a><\/div><\/div>\n<\/div><\/div>\n\n\n\n<p class=\"has-medium-font-size\" style=\"margin-top:var(--wp--preset--spacing--20);margin-bottom:var(--wp--preset--spacing--20)\"><strong>Events<\/strong><\/p>\n\n\n\n<p>Verschiedene Eventl\u00f6sungen im Bereich Audio und Video in Zusammenarbeit mit meinem Partnerbetrieb Stagepro Technical Solutions SRL. <\/p>\n\n\n\n<div class=\"wp-block-uagb-buttons uagb-buttons__outer-wrap uagb-btn__default-btn uagb-btn-tablet__default-btn uagb-btn-mobile__default-btn uagb-block-82680f9f\"><div class=\"uagb-buttons__wrap uagb-buttons-layout-wrap \">\n<div class=\"wp-block-uagb-buttons-child uagb-buttons__outer-wrap uagb-block-1110a06e wp-block-button\"><div class=\"uagb-button__wrapper\"><a class=\"uagb-buttons-repeater wp-block-button__link\" aria-label=\"\" href=\"https:\/\/www.stagepro.tech\" rel=\"follow noopener\" target=\"_blank\" role=\"button\"><div class=\"uagb-button__link\">Stagepro<\/div><span class=\"uagb-button__icon uagb-button__icon-position-after\"><svg xmlns=\"https:\/\/www.w3.org\/2000\/svg\" viewBox=\"0 0 448 512\" aria-hidden=\"true\" focussable=\"false\"><path d=\"M438.6 278.6l-160 160C272.4 444.9 264.2 448 256 448s-16.38-3.125-22.62-9.375c-12.5-12.5-12.5-32.75 0-45.25L338.8 288H32C14.33 288 .0016 273.7 .0016 256S14.33 224 32 224h306.8l-105.4-105.4c-12.5-12.5-12.5-32.75 0-45.25s32.75-12.5 45.25 0l160 160C451.1 245.9 451.1 266.1 438.6 278.6z\"><\/path><\/svg><\/span><\/a><\/div><\/div>\n<\/div><\/div>\n\n\n\n<p><\/p>\n","protected":false},"excerpt":{"rendered":"<p>RassuBand\u00e4 Die RassuBand\u00e4 ist ein Verein aus Biel &#8211; wir organisieren verschiedene kulturelle Projekte und Anl\u00e4sse in der Region. Zur [&hellip;]<\/p>\n","protected":false},"author":1,"featured_media":0,"parent":0,"menu_order":0,"comment_status":"closed","ping_status":"closed","template":"","meta":{"_uag_custom_page_level_css":"","site-sidebar-layout":"default","site-content-layout":"","ast-site-content-layout":"default","site-content-style":"default","site-sidebar-style":"default","ast-global-header-display":"","ast-banner-title-visibility":"","ast-main-header-display":"","ast-hfb-above-header-display":"","ast-hfb-below-header-display":"","ast-hfb-mobile-header-display":"","site-post-title":"","ast-breadcrumbs-content":"","ast-featured-img":"","footer-sml-layout":"","theme-transparent-header-meta":"","adv-header-id-meta":"","stick-header-meta":"","header-above-stick-meta":"","header-main-stick-meta":"","header-below-stick-meta":"","astra-migrate-meta-layouts":"default","ast-page-background-enabled":"default","ast-page-background-meta":{"desktop":{"background-color":"var(--ast-global-color-5)","background-image":"","background-repeat":"repeat","background-position":"center center","background-size":"auto","background-attachment":"scroll","background-type":"","background-media":"","overlay-type":"","overlay-color":"","overlay-opacity":"","overlay-gradient":""},"tablet":{"background-color":"","background-image":"","background-repeat":"repeat","background-position":"center center","background-size":"auto","background-attachment":"scroll","background-type":"","background-media":"","overlay-type":"","overlay-color":"","overlay-opacity":"","overlay-gradient":""},"mobile":{"background-color":"","background-image":"","background-repeat":"repeat","background-position":"center center","background-size":"auto","background-attachment":"scroll","background-type":"","background-media":"","overlay-type":"","overlay-color":"","overlay-opacity":"","overlay-gradient":""}},"ast-content-background-meta":{"desktop":{"background-color":"var(--ast-global-color-4)","background-image":"","background-repeat":"repeat","background-position":"center center","background-size":"auto","background-attachment":"scroll","background-type":"","background-media":"","overlay-type":"","overlay-color":"","overlay-opacity":"","overlay-gradient":""},"tablet":{"background-color":"var(--ast-global-color-4)","background-image":"","background-repeat":"repeat","background-position":"center center","background-size":"auto","background-attachment":"scroll","background-type":"","background-media":"","overlay-type":"","overlay-color":"","overlay-opacity":"","overlay-gradient":""},"mobile":{"background-color":"var(--ast-global-color-4)","background-image":"","background-repeat":"repeat","background-position":"center center","background-size":"auto","background-attachment":"scroll","background-type":"","background-media":"","overlay-type":"","overlay-color":"","overlay-opacity":"","overlay-gradient":""}},"footnotes":""},"class_list":["post-158","page","type-page","status-publish","hentry"],"yoast_head":"<!-- This site is optimized with the Yoast SEO plugin v27.4 - https:\/\/yoast.com\/product\/yoast-seo-wordpress\/ -->\n<title>Projekte &amp; Events - Noel Dolder<\/title>\n<meta name=\"robots\" content=\"index, follow, max-snippet:-1, max-image-preview:large, max-video-preview:-1\" \/>\n<link rel=\"canonical\" href=\"https:\/\/noeldolder.com\/?page_id=158\" \/>\n<meta property=\"og:locale\" content=\"de_DE\" \/>\n<meta property=\"og:type\" content=\"article\" \/>\n<meta property=\"og:title\" content=\"Projekte &amp; Events - Noel Dolder\" \/>\n<meta property=\"og:description\" content=\"RassuBand\u00e4 Die RassuBand\u00e4 ist ein Verein aus Biel &#8211; wir organisieren verschiedene kulturelle Projekte und Anl\u00e4sse in der Region. Zur [&hellip;]\" \/>\n<meta property=\"og:url\" content=\"https:\/\/noeldolder.com\/?page_id=158\" \/>\n<meta property=\"og:site_name\" content=\"Noel Dolder\" \/>\n<meta property=\"article:modified_time\" content=\"2026-03-18T23:44:57+00:00\" \/>\n<meta name=\"twitter:card\" content=\"summary_large_image\" \/>\n<meta name=\"twitter:label1\" content=\"Gesch\u00e4tzte Lesezeit\" \/>\n\t<meta name=\"twitter:data1\" content=\"1\u00a0Minute\" \/>\n<script type=\"application\/ld+json\" class=\"yoast-schema-graph\">{\"@context\":\"https:\\\/\\\/schema.org\",\"@graph\":[{\"@type\":\"WebPage\",\"@id\":\"https:\\\/\\\/noeldolder.com\\\/?page_id=158\",\"url\":\"https:\\\/\\\/noeldolder.com\\\/?page_id=158\",\"name\":\"Projekte &amp; Events - Noel Dolder\",\"isPartOf\":{\"@id\":\"https:\\\/\\\/noeldolder.com\\\/#website\"},\"datePublished\":\"2026-03-18T23:19:53+00:00\",\"dateModified\":\"2026-03-18T23:44:57+00:00\",\"breadcrumb\":{\"@id\":\"https:\\\/\\\/noeldolder.com\\\/?page_id=158#breadcrumb\"},\"inLanguage\":\"de\",\"potentialAction\":[{\"@type\":\"ReadAction\",\"target\":[\"https:\\\/\\\/noeldolder.com\\\/?page_id=158\"]}]},{\"@type\":\"BreadcrumbList\",\"@id\":\"https:\\\/\\\/noeldolder.com\\\/?page_id=158#breadcrumb\",\"itemListElement\":[{\"@type\":\"ListItem\",\"position\":1,\"name\":\"Startseite\",\"item\":\"https:\\\/\\\/noeldolder.com\\\/\"},{\"@type\":\"ListItem\",\"position\":2,\"name\":\"Projekte &amp; Events\"}]},{\"@type\":\"WebSite\",\"@id\":\"https:\\\/\\\/noeldolder.com\\\/#website\",\"url\":\"https:\\\/\\\/noeldolder.com\\\/\",\"name\":\"innovativ & massgeschneidert\",\"description\":\"innovativ &amp; massgeschneidert\",\"potentialAction\":[{\"@type\":\"SearchAction\",\"target\":{\"@type\":\"EntryPoint\",\"urlTemplate\":\"https:\\\/\\\/noeldolder.com\\\/?s={search_term_string}\"},\"query-input\":{\"@type\":\"PropertyValueSpecification\",\"valueRequired\":true,\"valueName\":\"search_term_string\"}}],\"inLanguage\":\"de\"}]}<\/script>\n<!-- \/ Yoast SEO plugin. -->","yoast_head_json":{"title":"Projekte &amp; Events - Noel Dolder","robots":{"index":"index","follow":"follow","max-snippet":"max-snippet:-1","max-image-preview":"max-image-preview:large","max-video-preview":"max-video-preview:-1"},"canonical":"https:\/\/noeldolder.com\/?page_id=158","og_locale":"de_DE","og_type":"article","og_title":"Projekte &amp; Events - Noel Dolder","og_description":"RassuBand\u00e4 Die RassuBand\u00e4 ist ein Verein aus Biel &#8211; wir organisieren verschiedene kulturelle Projekte und Anl\u00e4sse in der Region. Zur [&hellip;]","og_url":"https:\/\/noeldolder.com\/?page_id=158","og_site_name":"Noel Dolder","article_modified_time":"2026-03-18T23:44:57+00:00","twitter_card":"summary_large_image","twitter_misc":{"Gesch\u00e4tzte Lesezeit":"1\u00a0Minute"},"schema":{"@context":"https:\/\/schema.org","@graph":[{"@type":"WebPage","@id":"https:\/\/noeldolder.com\/?page_id=158","url":"https:\/\/noeldolder.com\/?page_id=158","name":"Projekte &amp; Events - Noel Dolder","isPartOf":{"@id":"https:\/\/noeldolder.com\/#website"},"datePublished":"2026-03-18T23:19:53+00:00","dateModified":"2026-03-18T23:44:57+00:00","breadcrumb":{"@id":"https:\/\/noeldolder.com\/?page_id=158#breadcrumb"},"inLanguage":"de","potentialAction":[{"@type":"ReadAction","target":["https:\/\/noeldolder.com\/?page_id=158"]}]},{"@type":"BreadcrumbList","@id":"https:\/\/noeldolder.com\/?page_id=158#breadcrumb","itemListElement":[{"@type":"ListItem","position":1,"name":"Startseite","item":"https:\/\/noeldolder.com\/"},{"@type":"ListItem","position":2,"name":"Projekte &amp; Events"}]},{"@type":"WebSite","@id":"https:\/\/noeldolder.com\/#website","url":"https:\/\/noeldolder.com\/","name":"innovativ & massgeschneidert","description":"innovativ &amp; massgeschneidert","potentialAction":[{"@type":"SearchAction","target":{"@type":"EntryPoint","urlTemplate":"https:\/\/noeldolder.com\/?s={search_term_string}"},"query-input":{"@type":"PropertyValueSpecification","valueRequired":true,"valueName":"search_term_string"}}],"inLanguage":"de"}]}},"uagb_featured_image_src":{"full":false,"thumbnail":false,"medium":false,"medium_large":false,"large":false,"1536x1536":false,"2048x2048":false},"uagb_author_info":{"display_name":"admin","author_link":"https:\/\/noeldolder.com\/?author=1"},"uagb_comment_info":0,"uagb_excerpt":"RassuBand\u00e4 Die RassuBand\u00e4 ist ein Verein aus Biel &#8211; wir organisieren verschiedene kulturelle Projekte und Anl\u00e4sse in der Region. Zur [&hellip;]","_links":{"self":[{"href":"https:\/\/noeldolder.com\/index.php?rest_route=\/wp\/v2\/pages\/158","targetHints":{"allow":["GET"]}}],"collection":[{"href":"https:\/\/noeldolder.com\/index.php?rest_route=\/wp\/v2\/pages"}],"about":[{"href":"https:\/\/noeldolder.com\/index.php?rest_route=\/wp\/v2\/types\/page"}],"author":[{"embeddable":true,"href":"https:\/\/noeldolder.com\/index.php?rest_route=\/wp\/v2\/users\/1"}],"replies":[{"embeddable":true,"href":"https:\/\/noeldolder.com\/index.php?rest_route=%2Fwp%2Fv2%2Fcomments&post=158"}],"version-history":[{"count":7,"href":"https:\/\/noeldolder.com\/index.php?rest_route=\/wp\/v2\/pages\/158\/revisions"}],"predecessor-version":[{"id":195,"href":"https:\/\/noeldolder.com\/index.php?rest_route=\/wp\/v2\/pages\/158\/revisions\/195"}],"wp:attachment":[{"href":"https:\/\/noeldolder.com\/index.php?rest_route=%2Fwp%2Fv2%2Fmedia&parent=158"}],"curies":[{"name":"wp","href":"https:\/\/api.w.org\/{rel}","templated":true}]}}